{"id":9960,"date":"2021-07-30T16:35:32","date_gmt":"2021-07-30T14:35:32","guid":{"rendered":"https:\/\/mdw.ac.at\/altemusik\/?page_id=9960"},"modified":"2026-03-08T12:15:43","modified_gmt":"2026-03-08T11:15:43","slug":"christoph-urbanetz","status":"publish","type":"page","link":"https:\/\/mdw.ac.at\/altemusik\/lehrende\/christoph-urbanetz\/","title":{"rendered":"Christoph URBANETZ"},"content":{"rendered":"<div class=\"flex_column av_two_fifth  flex_column_div av-zero-column-padding first  avia-builder-el-0  el_before_av_three_fifth  avia-builder-el-first  \" style='border-radius:0px; '><div class='avia-image-container  av-styling-    avia-builder-el-1  avia-builder-el-no-sibling   avia-align-center '  itemprop=\"image\" itemscope=\"itemscope\" itemtype=\"https:\/\/schema.org\/ImageObject\"  ><div class='avia-image-container-inner'><div class='avia-image-overlay-wrap'><a href=\"https:\/\/mdw.ac.at\/altemusik\/blog2\/wp-content\/uploads\/2021\/07\/image-687x1030.jpeg\" class='avia_image'   data-rel=\"lightbox-image-0\" data-rl_title=\"\" data-rl_caption=\"\"><img class='avia_image ' src='https:\/\/mdw.ac.at\/altemusik\/blog2\/wp-content\/uploads\/2021\/07\/image-687x1030.jpeg' alt='' title=''  itemprop=\"thumbnailUrl\"  \/><\/a><\/div><\/div><\/div><\/div>\n<div class=\"flex_column av_three_fifth  flex_column_div av-zero-column-padding   avia-builder-el-2  el_after_av_two_fifth  el_before_av_buttonrow  \" style='border-radius:0px; '><section class=\"av_textblock_section \"  itemscope=\"itemscope\" itemtype=\"https:\/\/schema.org\/CreativeWork\" ><div class='avia_textblock  '   itemprop=\"text\" ><h2>Christoph URBANETZ<\/h2>\n<\/div><\/section><br \/>\n<section class=\"av_textblock_section \"  itemscope=\"itemscope\" itemtype=\"https:\/\/schema.org\/CreativeWork\" ><div class='avia_textblock  '   itemprop=\"text\" ><h5>Viola da Gamba<\/h5>\n<\/div><\/section><br \/>\n<div style='height:20px' class='hr hr-invisible   avia-builder-el-5  el_after_av_textblock  el_before_av_textblock  '><span class='hr-inner ' ><span class='hr-inner-style'><\/span><\/span><\/div><br \/>\n<section class=\"av_textblock_section \"  itemscope=\"itemscope\" itemtype=\"https:\/\/schema.org\/CreativeWork\" ><div class='avia_textblock  '   itemprop=\"text\" ><p>Mit seinem Fokus auf innovative Interpretationen und neue Ausdrucksformen und stets bestrebt, andere mit seiner Begeisterung f\u00fcr sein Instrument anzustecken, ist der Wiener Gambist Christoph Urbanetz daf\u00fcr bekannt, den Groove und die Energie der Musik zum Vorschein zu bringen. Nikolaus Harnoncourt, Cecilia Bartoli und Giovanni Antonini sind nur einige der gro\u00dfen Musiker, mit denen er zusammengearbeitet hat. Als derzeit f\u00fchrender Experte f\u00fcr das weitgehend unbekannte Werk von Marin Marais mit seinen Spielanweisungen hat er am Mozarteum Salzburg promoviert und ist als Gambenlehrer an den Universit\u00e4ten Graz und Krakau t\u00e4tig.<\/p>\n<p>Christoph Urbanetz trat als Solist und Kammermusiker in den renommiertesten Konzerts\u00e4len Europas auf, darunter im Musikverein und Konzerthaus Wien, in der Tonhalle Z\u00fcrich, in der Accademia di Santa Cecilia in Rom und bei Festivals wie den Salzburger Festspielen, den Resonanzen Wien, dem Alte Musik Festival Utrecht, den Innsbrucker Festwochen der Alten Musik, dem Schleswig-Holstein Festival, den Ludwigsburger Festspielen, den H\u00e4ndel-Festspielen Halle und dem H\u00e4ndel-Festival London.<\/p>\n<p>Er schloss sein Studium an den Universit\u00e4ten Basel, Salzburg und Paris mit \u201esumma cum laude\u201c ab und war Preistr\u00e4ger mehrerer Wettbewerbe wie dem Bach-Abel-Wettbewerb in K\u00f6then (2006 und 2009), dem Viola da gamba-Wettbewerb in Sevilla (2007), dem Biber-Wettbewerb in St. Florian und dem Schmelzer-Wettbewerb in Melk.<\/p>\n<\/div><\/section><\/p><\/div><div class='avia-buttonrow-wrap avia-buttonrow-right   avia-builder-el-7  el_after_av_three_fifth  avia-builder-el-last  '>\n<a href='https:\/\/online.mdw.ac.at\/mdw_online\/pl\/ui\/$ctx\/visitenkarte.show_vcard?pPersonenId=FCCE41C05AB8B2D2&pPersonenGruppe=3'  class='avia-button  avia-icon_select-no avia-color-theme-color avia-size-small '  target=\"_blank\"  style='margin-bottom:5px; margin-left:5px; ' ><span class='avia_iconbox_title' >Visitenkarte<\/span><\/a>\n<a href='https:\/\/online.mdw.ac.at\/mdw_online\/pl\/ui\/$ctx\/wblvangebot.wbshowlvoffer?ppersonnr=37887'  class='avia-button  avia-icon_select-no avia-color-theme-color avia-size-small '  target=\"_blank\"  style='margin-bottom:5px; margin-left:5px; ' ><span class='avia_iconbox_title' >Lehrveranstaltungen<\/span><\/a>\n<\/div><\/p>\n","protected":false},"excerpt":{"rendered":"","protected":false},"author":1,"featured_media":0,"parent":257,"menu_order":0,"comment_status":"closed","ping_status":"closed","template":"","meta":{"_price":"","_stock":"","_tribe_ticket_header":"","_tribe_default_ticket_provider":"","_tribe_ticket_capacity":"","_ticket_start_date":"","_ticket_end_date":"","_tribe_ticket_show_description":"","_tribe_ticket_show_not_going":false,"_tribe_ticket_use_global_stock":"","_tribe_ticket_global_stock_level":"","_global_stock_mode":"","_global_stock_cap":"","_tribe_rsvp_for_event":"","_tribe_ticket_going_count":"","_tribe_ticket_not_going_count":"","_tribe_tickets_list":"[]","_tribe_ticket_has_attendee_info_fields":false,"footnotes":""},"class_list":["post-9960","page","type-page","status-publish","hentry"],"_links":{"self":[{"href":"https:\/\/mdw.ac.at\/altemusik\/wp-json\/wp\/v2\/pages\/9960","targetHints":{"allow":["GET"]}}],"collection":[{"href":"https:\/\/mdw.ac.at\/altemusik\/wp-json\/wp\/v2\/pages"}],"about":[{"href":"https:\/\/mdw.ac.at\/altemusik\/wp-json\/wp\/v2\/types\/page"}],"author":[{"embeddable":true,"href":"https:\/\/mdw.ac.at\/altemusik\/wp-json\/wp\/v2\/users\/1"}],"replies":[{"embeddable":true,"href":"https:\/\/mdw.ac.at\/altemusik\/wp-json\/wp\/v2\/comments?post=9960"}],"version-history":[{"count":7,"href":"https:\/\/mdw.ac.at\/altemusik\/wp-json\/wp\/v2\/pages\/9960\/revisions"}],"predecessor-version":[{"id":18859,"href":"https:\/\/mdw.ac.at\/altemusik\/wp-json\/wp\/v2\/pages\/9960\/revisions\/18859"}],"up":[{"embeddable":true,"href":"https:\/\/mdw.ac.at\/altemusik\/wp-json\/wp\/v2\/pages\/257"}],"wp:attachment":[{"href":"https:\/\/mdw.ac.at\/altemusik\/wp-json\/wp\/v2\/media?parent=9960"}],"curies":[{"name":"wp","href":"https:\/\/api.w.org\/{rel}","templated":true}]}}